{"id":9368,"date":"2023-02-23T07:30:06","date_gmt":"2023-02-23T07:30:06","guid":{"rendered":"https:\/\/www.vkmmotors.ee\/?page_id=9368"},"modified":"2024-01-13T21:25:09","modified_gmt":"2024-01-13T21:25:09","slug":"vkm-sport-club","status":"publish","type":"page","link":"https:\/\/www.vkmmotors.ee\/en\/vkm-sport-club\/","title":{"rendered":"VKM-SPORT CLUB"},"content":{"rendered":"\t\t<div data-elementor-type=\"wp-page\" data-elementor-id=\"9368\" class=\"elementor elementor-9368\" data-elementor-post-type=\"page\">\n\t\t\t\t\t\t<section class=\"has_ae_slider elementor-section elementor-top-section elementor-element elementor-element-3a32e7b2 elementor-section-height-min-height elementor-section-items-bottom elementor-section-boxed elementor-section-height-default ae-bg-gallery-type-default\" data-id=\"3a32e7b2\" data-element_type=\"section\" data-settings=\"{&quot;background_background&quot;:&quot;video&quot;,&quot;background_video_link&quot;:&quot;https:\\\/\\\/youtu.be\\\/fLgP4rM9lfA&quot;,&quot;background_play_on_mobile&quot;:&quot;yes&quot;}\">\n\t\t\t\t\t\t\t\t<div class=\"elementor-background-video-container\" aria-hidden=\"true\">\n\t\t\t\t\t\t\t\t\t\t\t\t\t<div class=\"elementor-background-video-embed\"><\/div>\n\t\t\t\t\t\t\t\t\t\t\t\t<\/div>\n\t\t\t\t\t\t\t\t\t<div class=\"elementor-background-overlay\"><\/div>\n\t\t\t\t\t\t\t<div class=\"elementor-container elementor-column-gap-default\">\n\t\t\t\t\t<div class=\"has_ae_slider elementor-column elementor-col-100 elementor-top-column elementor-element elementor-element-12b0c625 ae-bg-gallery-type-default\" data-id=\"12b0c625\" data-element_type=\"column\">\n\t\t\t<div class=\"elementor-widget-wrap\">\n\t\t\t\t\t\t\t<\/div>\n\t\t<\/div>\n\t\t\t\t\t<\/div>\n\t\t<\/section>\n\t\t\t\t<section class=\"has_ae_slider elementor-section elementor-top-section elementor-element elementor-element-102b4721 elementor-section-height-min-height elementor-section-boxed elementor-section-height-default elementor-section-items-middle ae-bg-gallery-type-default\" data-id=\"102b4721\" data-element_type=\"section\">\n\t\t\t\t\t\t<div class=\"elementor-container elementor-column-gap-default\">\n\t\t\t\t\t<div class=\"has_ae_slider elementor-column elementor-col-100 elementor-top-column elementor-element elementor-element-5734d2ab ae-bg-gallery-type-default\" data-id=\"5734d2ab\" data-element_type=\"column\">\n\t\t\t<div class=\"elementor-widget-wrap elementor-element-populated\">\n\t\t\t\t\t\t<div class=\"elementor-element elementor-element-6b2b037e elementor-widget elementor-widget-text-editor\" data-id=\"6b2b037e\" data-element_type=\"widget\" data-widget_type=\"text-editor.default\">\n\t\t\t\t<div class=\"elementor-widget-container\">\n\t\t\t\t\t\t\t\t\t<p>The company is like one big organism, the health and well-being of which largely depends on the people who work and contribute to it. The more energetic, positive and motivated you are, the better the company&#8217;s performance and competitiveness in the market.<\/p>\n<p>We have participated and supported the VKM Racing Drag Race team for many years, through which we have given our employees a reason to be proud of the results they achieved on acceleration tracks both in our country and on the territory of neighboring countries.<\/p>\n<p>We are also active in areas where everyone who has the will can get involved.<\/p>\n<p>In all good ways, we are open-minded and have a positive attitude towards healthy and sporty lifestyles. Our active cycling team is a good example to get out of your comfort zone and find something in yourself that motivates you to take care of your body, mind and health.<\/p>\t\t\t\t\t\t\t\t<\/div>\n\t\t\t\t<\/div>\n\t\t\t\t<div class=\"elementor-element elementor-element-c457ebe elementor-align-justify elementor-widget elementor-widget-button\" data-id=\"c457ebe\" data-element_type=\"widget\" data-widget_type=\"button.default\">\n\t\t\t\t<div class=\"elementor-widget-container\">\n\t\t\t\t\t\t\t\t\t<div class=\"elementor-button-wrapper\">\n\t\t\t\t\t<a class=\"elementor-button elementor-button-link elementor-size-sm\" href=\"https:\/\/www.vkmmotors.ee\/en\/vkm-cycling-team\/\">\n\t\t\t\t\t\t<span class=\"elementor-button-content-wrapper\">\n\t\t\t\t\t\t\t\t\t<span class=\"elementor-button-text\">VKM Cycling team<\/span>\n\t\t\t\t\t<\/span>\n\t\t\t\t\t<\/a>\n\t\t\t\t<\/div>\n\t\t\t\t\t\t\t\t<\/div>\n\t\t\t\t<\/div>\n\t\t\t\t\t<\/div>\n\t\t<\/div>\n\t\t\t\t\t<\/div>\n\t\t<\/section>\n\t\t\t\t<section class=\"has_ae_slider elementor-section elementor-top-section elementor-element elementor-element-2ef414af elementor-section-height-min-height elementor-hidden-desktop elementor-hidden-tablet elementor-hidden-phone elementor-section-boxed elementor-section-height-default elementor-section-items-middle ae-bg-gallery-type-default\" data-id=\"2ef414af\" data-element_type=\"section\">\n\t\t\t\t\t\t<div class=\"elementor-container elementor-column-gap-default\">\n\t\t\t\t\t<div class=\"has_ae_slider elementor-column elementor-col-33 elementor-top-column elementor-element elementor-element-2c006f39 ae-bg-gallery-type-default\" data-id=\"2c006f39\" data-element_type=\"column\">\n\t\t\t<div class=\"elementor-widget-wrap elementor-element-populated\">\n\t\t\t\t\t\t<div class=\"elementor-element elementor-element-11009912 elementor-widget elementor-widget-heading\" data-id=\"11009912\" data-element_type=\"widget\" data-widget_type=\"heading.default\">\n\t\t\t\t<div class=\"elementor-widget-container\">\n\t\t\t\t\t<h2 class=\"elementor-heading-title elementor-size-default\">Tallinn<\/h2>\t\t\t\t<\/div>\n\t\t\t\t<\/div>\n\t\t\t\t<div class=\"elementor-element elementor-element-72a20340 elementor-widget elementor-widget-heading\" data-id=\"72a20340\" data-element_type=\"widget\" data-widget_type=\"heading.default\">\n\t\t\t\t<div class=\"elementor-widget-container\">\n\t\t\t\t\t<h2 class=\"elementor-heading-title elementor-size-default\">VKM MOTORS O\u00dc<\/h2>\t\t\t\t<\/div>\n\t\t\t\t<\/div>\n\t\t\t\t<div class=\"elementor-element elementor-element-6b05df88 elementor-widget elementor-widget-image\" data-id=\"6b05df88\" data-element_type=\"widget\" data-widget_type=\"image.default\">\n\t\t\t\t<div class=\"elementor-widget-container\">\n\t\t\t\t\t\t\t\t\t\t\t\t\t\t\t<img fetchpriority=\"high\" decoding=\"async\" width=\"698\" height=\"399\" src=\"https:\/\/www.vkmmotors.ee\/wp-content\/uploads\/2020\/01\/vkm-must.png\" class=\"attachment-large size-large wp-image-513\" alt=\"\" srcset=\"https:\/\/www.vkmmotors.ee\/wp-content\/uploads\/2020\/01\/vkm-must.png 698w, https:\/\/www.vkmmotors.ee\/wp-content\/uploads\/2020\/01\/vkm-must-300x171.png 300w, https:\/\/www.vkmmotors.ee\/wp-content\/uploads\/2020\/01\/vkm-must-600x343.png 600w\" sizes=\"(max-width: 698px) 100vw, 698px\" \/>\t\t\t\t\t\t\t\t\t\t\t\t\t\t\t<\/div>\n\t\t\t\t<\/div>\n\t\t\t\t<div class=\"elementor-element elementor-element-75deb235 elementor-widget elementor-widget-text-editor\" data-id=\"75deb235\" data-element_type=\"widget\" data-widget_type=\"text-editor.default\">\n\t\t\t\t<div class=\"elementor-widget-container\">\n\t\t\t\t\t\t\t\t\t<p><a href=\"mailto:info@vkmmotors.ee\">info@vkmmotors.ee<\/a><br \/>Telefon: (+372) 652 1191<br \/>AADRESS: KUMA TEE 8, PEETRI ALEVIK, 75312<\/p>\t\t\t\t\t\t\t\t<\/div>\n\t\t\t\t<\/div>\n\t\t\t\t\t<\/div>\n\t\t<\/div>\n\t\t\t\t<div class=\"has_ae_slider elementor-column elementor-col-33 elementor-top-column elementor-element elementor-element-696cd49 ae-bg-gallery-type-default\" data-id=\"696cd49\" data-element_type=\"column\">\n\t\t\t<div class=\"elementor-widget-wrap elementor-element-populated\">\n\t\t\t\t\t\t<div class=\"elementor-element elementor-element-1bdd315b elementor-widget elementor-widget-heading\" data-id=\"1bdd315b\" data-element_type=\"widget\" data-widget_type=\"heading.default\">\n\t\t\t\t<div class=\"elementor-widget-container\">\n\t\t\t\t\t<h2 class=\"elementor-heading-title elementor-size-default\">Tartu<\/h2>\t\t\t\t<\/div>\n\t\t\t\t<\/div>\n\t\t\t\t<div class=\"elementor-element elementor-element-2771cbbd elementor-widget elementor-widget-heading\" data-id=\"2771cbbd\" data-element_type=\"widget\" data-widget_type=\"heading.default\">\n\t\t\t\t<div class=\"elementor-widget-container\">\n\t\t\t\t\t<h2 class=\"elementor-heading-title elementor-size-default\">LEPP MOTORS O\u00dc<\/h2>\t\t\t\t<\/div>\n\t\t\t\t<\/div>\n\t\t\t\t<div class=\"elementor-element elementor-element-7b1d6e1a elementor-widget elementor-widget-image\" data-id=\"7b1d6e1a\" data-element_type=\"widget\" data-widget_type=\"image.default\">\n\t\t\t\t<div class=\"elementor-widget-container\">\n\t\t\t\t\t\t\t\t\t\t\t\t\t\t\t<img decoding=\"async\" width=\"111\" height=\"60\" src=\"https:\/\/www.vkmmotors.ee\/wp-content\/uploads\/2020\/01\/logo_sinisega.png\" class=\"attachment-large size-large wp-image-590\" alt=\"\" srcset=\"https:\/\/www.vkmmotors.ee\/wp-content\/uploads\/2020\/01\/logo_sinisega.png 111w, https:\/\/www.vkmmotors.ee\/wp-content\/uploads\/2020\/01\/logo_sinisega-20x11.png 20w\" sizes=\"(max-width: 111px) 100vw, 111px\" \/>\t\t\t\t\t\t\t\t\t\t\t\t\t\t\t<\/div>\n\t\t\t\t<\/div>\n\t\t\t\t<div class=\"elementor-element elementor-element-270e0032 elementor-widget elementor-widget-text-editor\" data-id=\"270e0032\" data-element_type=\"widget\" data-widget_type=\"text-editor.default\">\n\t\t\t\t<div class=\"elementor-widget-container\">\n\t\t\t\t\t\t\t\t\t<p><strong>RAIGO LEPP<\/strong><br \/><a href=\"mailto:info@leppmotors.ee\">info@leppmotors.ee<\/a><br \/><a href=\"http:\/\/www.leppmotors.ee\" target=\"_blank\" rel=\"noopener\">www.leppmotors.ee<\/a><br \/>Telefon: (+372) 730 3034<br \/>Mobiil: (+372) 50 733 63<br \/>AADRESS: VILJANDI MNT. 48, TARTU<\/p>\t\t\t\t\t\t\t\t<\/div>\n\t\t\t\t<\/div>\n\t\t\t\t\t<\/div>\n\t\t<\/div>\n\t\t\t\t<div class=\"has_ae_slider elementor-column elementor-col-33 elementor-top-column elementor-element elementor-element-c52cdc8 ae-bg-gallery-type-default\" data-id=\"c52cdc8\" data-element_type=\"column\">\n\t\t\t<div class=\"elementor-widget-wrap elementor-element-populated\">\n\t\t\t\t\t\t<div class=\"elementor-element elementor-element-45d45aea elementor-widget elementor-widget-heading\" data-id=\"45d45aea\" data-element_type=\"widget\" data-widget_type=\"heading.default\">\n\t\t\t\t<div class=\"elementor-widget-container\">\n\t\t\t\t\t<h2 class=\"elementor-heading-title elementor-size-default\">Rakvere<\/h2>\t\t\t\t<\/div>\n\t\t\t\t<\/div>\n\t\t\t\t<div class=\"elementor-element elementor-element-593a5525 elementor-widget elementor-widget-heading\" data-id=\"593a5525\" data-element_type=\"widget\" data-widget_type=\"heading.default\">\n\t\t\t\t<div class=\"elementor-widget-container\">\n\t\t\t\t\t<h2 class=\"elementor-heading-title elementor-size-default\">M&amp;M MOTORS O\u00dc<\/h2>\t\t\t\t<\/div>\n\t\t\t\t<\/div>\n\t\t\t\t<div class=\"elementor-element elementor-element-67768e44 elementor-widget elementor-widget-image\" data-id=\"67768e44\" data-element_type=\"widget\" data-widget_type=\"image.default\">\n\t\t\t\t<div class=\"elementor-widget-container\">\n\t\t\t\t\t\t\t\t\t\t\t\t\t\t\t<img decoding=\"async\" width=\"600\" height=\"427\" src=\"https:\/\/www.vkmmotors.ee\/wp-content\/uploads\/2020\/01\/mm-1-1.png\" class=\"attachment-large size-large wp-image-589\" alt=\"\" srcset=\"https:\/\/www.vkmmotors.ee\/wp-content\/uploads\/2020\/01\/mm-1-1.png 600w, https:\/\/www.vkmmotors.ee\/wp-content\/uploads\/2020\/01\/mm-1-1-150x107.png 150w, https:\/\/www.vkmmotors.ee\/wp-content\/uploads\/2020\/01\/mm-1-1-20x14.png 20w\" sizes=\"(max-width: 600px) 100vw, 600px\" \/>\t\t\t\t\t\t\t\t\t\t\t\t\t\t\t<\/div>\n\t\t\t\t<\/div>\n\t\t\t\t<div class=\"elementor-element elementor-element-331f0704 elementor-widget elementor-widget-text-editor\" data-id=\"331f0704\" data-element_type=\"widget\" data-widget_type=\"text-editor.default\">\n\t\t\t\t<div class=\"elementor-widget-container\">\n\t\t\t\t\t\t\t\t\t<p><a href=\"mailto:mmmotors@online.ee\">mmmotors@online.ee<\/a><br \/>Mobiil: (+372) 56 240 913<br \/>AADRESS: Rakvere, Lepna tee 1 , Taaravainu<\/p>\t\t\t\t\t\t\t\t<\/div>\n\t\t\t\t<\/div>\n\t\t\t\t\t<\/div>\n\t\t<\/div>\n\t\t\t\t\t<\/div>\n\t\t<\/section>\n\t\t\t\t<section class=\"has_ae_slider elementor-section elementor-top-section elementor-element elementor-element-6bf999b elementor-section-height-min-height elementor-section-items-top elementor-hidden-desktop elementor-hidden-tablet elementor-hidden-phone elementor-section-boxed elementor-section-height-default ae-bg-gallery-type-default\" data-id=\"6bf999b\" data-element_type=\"section\">\n\t\t\t\t\t\t<div class=\"elementor-container elementor-column-gap-default\">\n\t\t\t\t\t<div class=\"has_ae_slider elementor-column elementor-col-33 elementor-top-column elementor-element elementor-element-67707ca5 ae-bg-gallery-type-default\" data-id=\"67707ca5\" data-element_type=\"column\">\n\t\t\t<div class=\"elementor-widget-wrap elementor-element-populated\">\n\t\t\t\t\t\t<div class=\"elementor-element elementor-element-653c8eff elementor-widget elementor-widget-heading\" data-id=\"653c8eff\" data-element_type=\"widget\" data-widget_type=\"heading.default\">\n\t\t\t\t<div class=\"elementor-widget-container\">\n\t\t\t\t\t<h2 class=\"elementor-heading-title elementor-size-default\">Saaremaa<\/h2>\t\t\t\t<\/div>\n\t\t\t\t<\/div>\n\t\t\t\t<div class=\"elementor-element elementor-element-3e81d217 elementor-widget elementor-widget-heading\" data-id=\"3e81d217\" data-element_type=\"widget\" data-widget_type=\"heading.default\">\n\t\t\t\t<div class=\"elementor-widget-container\">\n\t\t\t\t\t<h2 class=\"elementor-heading-title elementor-size-default\">AB KLAAS O\u00dc<\/h2>\t\t\t\t<\/div>\n\t\t\t\t<\/div>\n\t\t\t\t<div class=\"elementor-element elementor-element-536c50fb elementor-widget elementor-widget-text-editor\" data-id=\"536c50fb\" data-element_type=\"widget\" data-widget_type=\"text-editor.default\">\n\t\t\t\t<div class=\"elementor-widget-container\">\n\t\t\t\t\t\t\t\t\t<p><strong>SANDER SIKUT<\/strong><br \/>chip-tuning<br \/><a href=\"mailto:vkm@abklaas.ee\">vkm@abklaas.ee<\/a><br \/>Mobiil: (+372) 56 635 188<br \/>AADRESS: KAEVU 29, KURESSAARE, SAAREMAA<\/p>\t\t\t\t\t\t\t\t<\/div>\n\t\t\t\t<\/div>\n\t\t\t\t\t<\/div>\n\t\t<\/div>\n\t\t\t\t<div class=\"has_ae_slider elementor-column elementor-col-33 elementor-top-column elementor-element elementor-element-1f5259a7 ae-bg-gallery-type-default\" data-id=\"1f5259a7\" data-element_type=\"column\">\n\t\t\t<div class=\"elementor-widget-wrap elementor-element-populated\">\n\t\t\t\t\t\t<div class=\"elementor-element elementor-element-3d0a953 elementor-widget elementor-widget-heading\" data-id=\"3d0a953\" data-element_type=\"widget\" data-widget_type=\"heading.default\">\n\t\t\t\t<div class=\"elementor-widget-container\">\n\t\t\t\t\t<h2 class=\"elementor-heading-title elementor-size-default\">P\u00e4rnu<\/h2>\t\t\t\t<\/div>\n\t\t\t\t<\/div>\n\t\t\t\t<div class=\"elementor-element elementor-element-2553c086 elementor-widget elementor-widget-heading\" data-id=\"2553c086\" data-element_type=\"widget\" data-widget_type=\"heading.default\">\n\t\t\t\t<div class=\"elementor-widget-container\">\n\t\t\t\t\t<h2 class=\"elementor-heading-title elementor-size-default\">MOTO MAJUTUS O\u00dc<\/h2>\t\t\t\t<\/div>\n\t\t\t\t<\/div>\n\t\t\t\t<div class=\"elementor-element elementor-element-398e3e66 elementor-widget elementor-widget-text-editor\" data-id=\"398e3e66\" data-element_type=\"widget\" data-widget_type=\"text-editor.default\">\n\t\t\t\t<div class=\"elementor-widget-container\">\n\t\t\t\t\t\t\t\t\t<p><strong>OLAVI SALUMETS<\/strong><br \/><a href=\"mailto:info@motomajutus.ee\">info@motomajutus.ee<\/a><br \/><a href=\"http:\/\/www.motomajutus.ee\/tuning\/\" target=\"_blank\" rel=\"noopener\">www.motomajutus.ee\/tuning\/<\/a><br \/>Mobiil: (+372) 514 0025<br \/>AADRESS: TAMMURU TEHNOK\u00dcLA 14, TAMMURU K\u00dcLA, P\u00c4RNU, P\u00c4RNUMAA 86605<\/p>\t\t\t\t\t\t\t\t<\/div>\n\t\t\t\t<\/div>\n\t\t\t\t\t<\/div>\n\t\t<\/div>\n\t\t\t\t<div class=\"has_ae_slider elementor-column elementor-col-33 elementor-top-column elementor-element elementor-element-5cd6967 ae-bg-gallery-type-default\" data-id=\"5cd6967\" data-element_type=\"column\">\n\t\t\t<div class=\"elementor-widget-wrap elementor-element-populated\">\n\t\t\t\t\t\t<div class=\"elementor-element elementor-element-64fb5e6f elementor-widget elementor-widget-heading\" data-id=\"64fb5e6f\" data-element_type=\"widget\" data-widget_type=\"heading.default\">\n\t\t\t\t<div class=\"elementor-widget-container\">\n\t\t\t\t\t<h2 class=\"elementor-heading-title elementor-size-default\">Soome<\/h2>\t\t\t\t<\/div>\n\t\t\t\t<\/div>\n\t\t\t\t<div class=\"elementor-element elementor-element-78e84c31 elementor-widget elementor-widget-heading\" data-id=\"78e84c31\" data-element_type=\"widget\" data-widget_type=\"heading.default\">\n\t\t\t\t<div class=\"elementor-widget-container\">\n\t\t\t\t\t<h2 class=\"elementor-heading-title elementor-size-default\">Autohaus24<\/h2>\t\t\t\t<\/div>\n\t\t\t\t<\/div>\n\t\t\t\t<div class=\"elementor-element elementor-element-3fad041f elementor-widget elementor-widget-text-editor\" data-id=\"3fad041f\" data-element_type=\"widget\" data-widget_type=\"text-editor.default\">\n\t\t\t\t<div class=\"elementor-widget-container\">\n\t\t\t\t\t\t\t\t\t<p>Mobiil: +358(0)406864023<br \/>AADRESS: Sulantie 20. 04300 Tuusula<br \/>E-mail:\u00a0<a href=\"mailto:myynti@ah24.fi\" target=\"_blank\" rel=\"noopener\">myynti@ah24.fi<\/a><br \/>Koduleht: <a href=\"http:\/\/autohaus24.fi\/\" target=\"_blank\" rel=\"noopener\" data-saferedirecturl=\"https:\/\/www.google.com\/url?q=http:\/\/autohaus24.fi&amp;source=gmail&amp;ust=1586537090797000&amp;usg=AFQjCNFE1aEvkk4HWSXI_6SatYpwAc-udg\">autohaus24.fi<\/a><\/p>\t\t\t\t\t\t\t\t<\/div>\n\t\t\t\t<\/div>\n\t\t\t\t\t<\/div>\n\t\t<\/div>\n\t\t\t\t\t<\/div>\n\t\t<\/section>\n\t\t\t\t<\/div>\n\t\t","protected":false},"excerpt":{"rendered":"<p>The company is like one big organism, the health and well-being of which largely depends on the people who work and contribute to it. The more energetic, positive and motivated you are, the better the company&#8217;s performance and competitiveness in the market. We have participated and supported the VKM Racing Drag Race team for many [&hellip;]<\/p>\n","protected":false},"author":6,"featured_media":0,"parent":0,"menu_order":0,"comment_status":"closed","ping_status":"closed","template":"elementor_header_footer","meta":{"_acf_changed":false,"footnotes":""},"class_list":["post-9368","page","type-page","status-publish","hentry"],"acf":[],"_links":{"self":[{"href":"https:\/\/www.vkmmotors.ee\/en\/wp-json\/wp\/v2\/pages\/9368","targetHints":{"allow":["GET"]}}],"collection":[{"href":"https:\/\/www.vkmmotors.ee\/en\/wp-json\/wp\/v2\/pages"}],"about":[{"href":"https:\/\/www.vkmmotors.ee\/en\/wp-json\/wp\/v2\/types\/page"}],"author":[{"embeddable":true,"href":"https:\/\/www.vkmmotors.ee\/en\/wp-json\/wp\/v2\/users\/6"}],"replies":[{"embeddable":true,"href":"https:\/\/www.vkmmotors.ee\/en\/wp-json\/wp\/v2\/comments?post=9368"}],"version-history":[{"count":8,"href":"https:\/\/www.vkmmotors.ee\/en\/wp-json\/wp\/v2\/pages\/9368\/revisions"}],"predecessor-version":[{"id":9667,"href":"https:\/\/www.vkmmotors.ee\/en\/wp-json\/wp\/v2\/pages\/9368\/revisions\/9667"}],"wp:attachment":[{"href":"https:\/\/www.vkmmotors.ee\/en\/wp-json\/wp\/v2\/media?parent=9368"}],"curies":[{"name":"wp","href":"https:\/\/api.w.org\/{rel}","templated":true}]}}